{"id":1304,"date":"2023-12-14T13:05:46","date_gmt":"2023-12-14T12:05:46","guid":{"rendered":"https:\/\/mscommunication.xyz\/?page_id=1304"},"modified":"2023-12-14T14:02:08","modified_gmt":"2023-12-14T13:02:08","slug":"mentions-legales","status":"publish","type":"page","link":"https:\/\/mscommunication.xyz\/en\/mentions-legales\/","title":{"rendered":"Mentions l\u00e9gales"},"content":{"rendered":"<div data-elementor-type=\"wp-page\" data-elementor-id=\"1304\" class=\"elementor elementor-1304\" data-elementor-settings=\"{&quot;element_pack_global_tooltip_width&quot;:{&quot;unit&quot;:&quot;px&quot;,&quot;size&quot;:&quot;&quot;,&quot;sizes&quot;:[]},&quot;element_pack_global_tooltip_width_tablet&quot;:{&quot;unit&quot;:&quot;px&quot;,&quot;size&quot;:&quot;&quot;,&quot;sizes&quot;:[]},&quot;element_pack_global_tooltip_width_mobile&quot;:{&quot;unit&quot;:&quot;px&quot;,&quot;size&quot;:&quot;&quot;,&quot;sizes&quot;:[]},&quot;element_pack_global_tooltip_padding&quot;:{&quot;unit&quot;:&quot;px&quot;,&quot;top&quot;:&quot;&quot;,&quot;right&quot;:&quot;&quot;,&quot;bottom&quot;:&quot;&quot;,&quot;left&quot;:&quot;&quot;,&quot;isLinked&quot;:true},&quot;element_pack_global_tooltip_padding_tablet&quot;:{&quot;unit&quot;:&quot;px&quot;,&quot;top&quot;:&quot;&quot;,&quot;right&quot;:&quot;&quot;,&quot;bottom&quot;:&quot;&quot;,&quot;left&quot;:&quot;&quot;,&quot;isLinked&quot;:true},&quot;element_pack_global_tooltip_padding_mobile&quot;:{&quot;unit&quot;:&quot;px&quot;,&quot;top&quot;:&quot;&quot;,&quot;right&quot;:&quot;&quot;,&quot;bottom&quot;:&quot;&quot;,&quot;left&quot;:&quot;&quot;,&quot;isLinked&quot;:true},&quot;element_pack_global_tooltip_border_radius&quot;:{&quot;unit&quot;:&quot;px&quot;,&quot;top&quot;:&quot;&quot;,&quot;right&quot;:&quot;&quot;,&quot;bottom&quot;:&quot;&quot;,&quot;left&quot;:&quot;&quot;,&quot;isLinked&quot;:true},&quot;element_pack_global_tooltip_border_radius_tablet&quot;:{&quot;unit&quot;:&quot;px&quot;,&quot;top&quot;:&quot;&quot;,&quot;right&quot;:&quot;&quot;,&quot;bottom&quot;:&quot;&quot;,&quot;left&quot;:&quot;&quot;,&quot;isLinked&quot;:true},&quot;element_pack_global_tooltip_border_radius_mobile&quot;:{&quot;unit&quot;:&quot;px&quot;,&quot;top&quot;:&quot;&quot;,&quot;right&quot;:&quot;&quot;,&quot;bottom&quot;:&quot;&quot;,&quot;left&quot;:&quot;&quot;,&quot;isLinked&quot;:true}}\">\n\t\t\t\t\t\t<section class=\"elementor-section elementor-top-section elementor-element elementor-element-7a93b67 elementor-section-boxed elementor-section-height-default elementor-section-height-default\" data-id=\"7a93b67\" data-element_type=\"section\" data-e-type=\"section\">\n\t\t\t\t\t\t<div class=\"elementor-container elementor-column-gap-default\">\n\t\t\t\t\t<div class=\"elementor-column elementor-col-100 elementor-top-column elementor-element elementor-element-cf84170\" data-id=\"cf84170\" data-element_type=\"column\" data-e-type=\"column\">\n\t\t\t<div class=\"elementor-widget-wrap elementor-element-populated\">\n\t\t\t\t\t\t<div class=\"elementor-element elementor-element-de50f8b elementor-widget elementor-widget-text-editor\" data-id=\"de50f8b\" data-element_type=\"widget\" data-e-type=\"widget\" data-widget_type=\"text-editor.default\">\n\t\t\t\t<div class=\"elementor-widget-container\">\n\t\t\t\t\t\t\t\t\t<p><strong>Informations g\u00e9n\u00e9rales :<\/strong><\/p><p>Ce site est \u00e9dit\u00e9 par Maxime SIEGRIST, en qualit\u00e9 de freelance sous le nom commercial MS Communication.<\/p><p><strong>Coordonn\u00e9es :<\/strong><\/p><p>Adresse e-mail : <a href=\"mailto:contact@mscommunication.xyz\">contact@mscommunication.xyz<\/a><\/p><p><strong>Num\u00e9ro SIRET :<\/strong> 91825186900015<\/p><p><strong>Responsable de la publication :<\/strong> Maxime SIEGRIST<\/p><p><strong>H\u00e9bergement du site :<\/strong><\/p><p>L\u2019h\u00e9bergement de ce site est assur\u00e9 par la soci\u00e9t\u00e9 HOSTINGER INTERNATIONAL LTD, dont le si\u00e8ge social se situe 61 Lordou Vironos Street, 6023 Larnaca, Chypre, joignable par le moyen suivant :\u00a0<a href=\"https:\/\/www.hostinger.fr\/contact\" target=\"_blank\" rel=\"noreferrer noopener\">https:\/\/www.hostinger.fr\/contact<\/a>.<\/p><p><strong>Propri\u00e9t\u00e9 intellectuelle :<\/strong><\/p><p>Le contenu de ce site (textes, images, vid\u00e9os, etc.) est la propri\u00e9t\u00e9 intellectuelle de MS Communication ou de tiers ayant consenti \u00e0 son utilisation sur ce site. Toute reproduction, m\u00eame partielle, sans autorisation pr\u00e9alable est strictement interdite.<\/p><p><strong>Collecte de donn\u00e9es personnelles :<\/strong><\/p><p>Nous collectons des donn\u00e9es personnelles dans le respect des lois en vigueur et dans le cadre de notre activit\u00e9 professionnelle. Les informations collect\u00e9es ne sont pas transmises \u00e0 des tiers sans votre consentement pr\u00e9alable. Vous disposez d&rsquo;un droit d&rsquo;acc\u00e8s, de modification et de suppression de ces donn\u00e9es.<\/p><p><strong>Cookies :<\/strong><\/p><p>Ce site utilise des cookies pour am\u00e9liorer l&rsquo;exp\u00e9rience de l&rsquo;utilisateur. En naviguant sur ce site, vous consentez \u00e0 l&rsquo;utilisation de ces cookies.<\/p><p><strong>Limitation de responsabilit\u00e9 :<\/strong><\/p><p>MS Communication met tout en \u0153uvre pour fournir des informations pr\u00e9cises et actualis\u00e9es sur ce site, mais ne peut garantir l&rsquo;exactitude totale des contenus. L&rsquo;utilisateur utilise ce site \u00e0 ses propres risques.<\/p>\t\t\t\t\t\t\t\t<\/div>\n\t\t\t\t<\/div>\n\t\t\t\t\t<\/div>\n\t\t<\/div>\n\t\t\t\t\t<\/div>\n\t\t<\/section>\n\t\t\t\t<\/div>","protected":false},"excerpt":{"rendered":"<p>Informations g\u00e9n\u00e9rales : Ce site est \u00e9dit\u00e9 par Maxime SIEGRIST, en qualit\u00e9 [&hellip;]<\/p>\n","protected":false},"author":1,"featured_media":0,"parent":0,"menu_order":0,"comment_status":"closed","ping_status":"closed","template":"","meta":{"footnotes":""},"class_list":["post-1304","page","type-page","status-publish","hentry"],"aioseo_notices":[],"_links":{"self":[{"href":"https:\/\/mscommunication.xyz\/en\/wp-json\/wp\/v2\/pages\/1304","targetHints":{"allow":["GET"]}}],"collection":[{"href":"https:\/\/mscommunication.xyz\/en\/wp-json\/wp\/v2\/pages"}],"about":[{"href":"https:\/\/mscommunication.xyz\/en\/wp-json\/wp\/v2\/types\/page"}],"author":[{"embeddable":true,"href":"https:\/\/mscommunication.xyz\/en\/wp-json\/wp\/v2\/users\/1"}],"replies":[{"embeddable":true,"href":"https:\/\/mscommunication.xyz\/en\/wp-json\/wp\/v2\/comments?post=1304"}],"version-history":[{"count":7,"href":"https:\/\/mscommunication.xyz\/en\/wp-json\/wp\/v2\/pages\/1304\/revisions"}],"predecessor-version":[{"id":1312,"href":"https:\/\/mscommunication.xyz\/en\/wp-json\/wp\/v2\/pages\/1304\/revisions\/1312"}],"wp:attachment":[{"href":"https:\/\/mscommunication.xyz\/en\/wp-json\/wp\/v2\/media?parent=1304"}],"curies":[{"name":"wp","href":"https:\/\/api.w.org\/{rel}","templated":true}]}}